{"id":41,"date":"2020-01-09T13:36:47","date_gmt":"2020-01-09T13:36:47","guid":{"rendered":"https:\/\/xn--schwab-gerst-mlb.de\/?page_id=41"},"modified":"2020-01-09T13:36:47","modified_gmt":"2020-01-09T13:36:47","slug":"ankauf","status":"publish","type":"page","link":"https:\/\/xn--schwab-gerst-mlb.de\/?page_id=41","title":{"rendered":"Ankauf"},"content":{"rendered":"\n<p>Wir kaufen verschiedene gebrauchte Ger\u00fcste an. Falls Sie zum Beispiel ein Bauvorhaben abgeschlossen haben oder Ihren Bestand verkleinern m\u00f6chten kontaktieren Sie uns und erhalten Sie ein faires Angebot.<\/p>\n\n\n\n<p>Wir Sind jederzeit f\u00fcr Sie erreichbar.<\/p>\n","protected":false},"excerpt":{"rendered":"<p>Wir kaufen verschiedene gebrauchte Ger\u00fcste an. Falls Sie zum Beispiel ein Bauvorhaben abgeschlossen haben oder Ihren Bestand verkleinern m\u00f6chten kontaktieren Sie uns und erhalten Sie ein faires Angebot. Wir Sind jederzeit f\u00fcr Sie erreichbar.<\/p>\n","protected":false},"author":1,"featured_media":0,"parent":0,"menu_order":0,"comment_status":"closed","ping_status":"closed","template":"","meta":{"footnotes":""},"class_list":["post-41","page","type-page","status-publish","hentry"],"_links":{"self":[{"href":"https:\/\/xn--schwab-gerst-mlb.de\/index.php?rest_route=\/wp\/v2\/pages\/41","targetHints":{"allow":["GET"]}}],"collection":[{"href":"https:\/\/xn--schwab-gerst-mlb.de\/index.php?rest_route=\/wp\/v2\/pages"}],"about":[{"href":"https:\/\/xn--schwab-gerst-mlb.de\/index.php?rest_route=\/wp\/v2\/types\/page"}],"author":[{"embeddable":true,"href":"https:\/\/xn--schwab-gerst-mlb.de\/index.php?rest_route=\/wp\/v2\/users\/1"}],"replies":[{"embeddable":true,"href":"https:\/\/xn--schwab-gerst-mlb.de\/index.php?rest_route=%2Fwp%2Fv2%2Fcomments&post=41"}],"version-history":[{"count":1,"href":"https:\/\/xn--schwab-gerst-mlb.de\/index.php?rest_route=\/wp\/v2\/pages\/41\/revisions"}],"predecessor-version":[{"id":42,"href":"https:\/\/xn--schwab-gerst-mlb.de\/index.php?rest_route=\/wp\/v2\/pages\/41\/revisions\/42"}],"wp:attachment":[{"href":"https:\/\/xn--schwab-gerst-mlb.de\/index.php?rest_route=%2Fwp%2Fv2%2Fmedia&parent=41"}],"curies":[{"name":"wp","href":"https:\/\/api.w.org\/{rel}","templated":true}]}}